{"id":266,"date":"2019-06-21T14:17:25","date_gmt":"2019-06-21T19:17:25","guid":{"rendered":"https:\/\/aesf.ca\/?page_id=266"},"modified":"2019-06-28T18:33:31","modified_gmt":"2019-06-28T23:33:31","slug":"declaration-de-foi-2","status":"publish","type":"page","link":"https:\/\/aesf.ca\/?page_id=266","title":{"rendered":"D\u00e9claration de foi"},"content":{"rendered":"\n<p><strong> Dieu<\/strong><\/p>\n\n\n\n<p>Nous croyons \u00e0 l&rsquo;existence d&rsquo;un Dieu absolument souverain sur toute la cr\u00e9ation et l\u2019histoire. Il a cr\u00e9\u00e9 toutes choses pour sa gloire et toutes choses existent par lui (Ap 4.11). Dieu existe \u00e9ternellement en trois personnes \u2013 le P\u00e8re, le Fils et le Saint-Esprit (Matt 28.18-19; 2 Co 13.13).<\/p>\n\n\n\n<p> <strong>J\u00e9sus-Christ<\/strong><\/p>\n\n\n\n<p>Nous croyons en J\u00e9sus-Christ, le Fils \u00e9ternel de Dieu. Il vint dans ce monde pour r\u00e9concilier l&rsquo;homme avec Dieu. Il est devenu ainsi le Sauveur d&rsquo;une humanit\u00e9 perdue. Il a donn\u00e9 sa vie en ran\u00e7on pour tous et ressuscita des morts corporellement. Il monta au ciel et s&rsquo;est assis \u00e0 la droite de Dieu le P\u00e8re (1Co 15.3-4; H\u00e91.3).<\/p>\n\n\n\n<p><strong>Le St-Esprit<\/strong><\/p>\n\n\n\n<p>Nous croyons \u00e0 la personne divine du Saint-Esprit. Il vient habiter le croyant d\u00e8s sa conversion. Il devient alors la source de puissance qui rend le croyant capable de mener une vie de saintet\u00e9 \u00e0 la gloire de Dieu (Ep 1.13; Act 1.8; Ep 3.20).<\/p>\n\n\n\n<p><strong>La Bible<\/strong><\/p>\n\n\n\n<p>Nous croyons que la Bible est la parole de Dieu, verbalement inspir\u00e9e et inerrante dans les textes originaux. Elle est le seul guide infaillible pour les instructions pratiques, morales et spirituelles dans notre vie quotidienne (2 Ti 3.16-17; 2 Pi 1.21).<\/p>\n\n\n\n<p> <strong>L\u2019Homme<\/strong><\/p>\n\n\n\n<p>Nous croyons qu\u2019\u00e0 l\u2019origine, l\u2019homme fut cr\u00e9\u00e9 \u00e0 l\u2019image et \u00e0 la ressemblance de Dieu. Mais il d\u00e9sob\u00e9it volontairement \u00e0 son Cr\u00e9ateur et causa la perte de sa vie spirituelle. Ce qui rendit toute l\u2019humanit\u00e9 p\u00e9cheresse et sous la condamnation (Rom 5.12; Ep 2.1-3).<\/p>\n\n\n\n<p><strong>Le Salut<\/strong><\/p>\n\n\n\n<p>Nous croyons que Dieu dans sa gr\u00e2ce a pourvu \u00e0 un salut pour l&rsquo;homme. Dieu accorde son pardon et la vie \u00e9ternelle \u00e0 quiconque se repent de ses p\u00e9ch\u00e9s, met sa confiance au Seigneur J\u00e9sus et \u00e0 son \u0153uvre expiatoire sur la croix (Jn 3.16; 3.36; Ep 2.8-9).<\/p>\n\n\n\n<p><strong>L&rsquo;Eglise<\/strong><\/p>\n\n\n\n<p>Nous croyons \u00e0 une seule \u00c9glise universelle compos\u00e9e de tous les v\u00e9ritables croyants. Elle a d\u00e9but\u00e9 \u00e0 la Pentec\u00f4te lors de la descente de l&rsquo;Esprit Saint. Par ce m\u00eame Esprit, les croyants sont unis \u00e0 leur chef, J\u00e9sus-Christ. L&rsquo;\u00c9glise a pour fonction principale de glorifier Dieu et de t\u00e9moigner de Christ jusqu&rsquo;\u00e0 son retour (1Cor 12.27-28; Ep 5.23; Ph 2.14-16).<\/p>\n\n\n\n<p><strong>Satan<\/strong><\/p>\n\n\n\n<p>Nous croyons \u00e0 l&rsquo;existence de Satan, l&rsquo;ennemi de Dieu. Il est \u00e0 la fois puissant et pervers. Il s&rsquo;applique constamment \u00e0 s\u00e9duire le monde et accuser les croyants. Satan conna\u00eetra sa destin\u00e9e finale et \u00e9ternelle dans l&rsquo;\u00e9tang de feu et de soufre (1 Pi 5.8; 2Cor 4.4; Ap 12.10-11).<\/p>\n\n\n\n<p><strong>L&rsquo;\u00c9ternit\u00e9<\/strong><\/p>\n\n\n\n<p>Nous croyons \u00e0 l&rsquo;amour parfait et \u00e0 la justice absolue de Dieu. Il ressuscitera tous les hommes. Les croyants jouirons du bonheur \u00e9ternel dans la pr\u00e9sence de Dieu. Les incr\u00e9dules subiront le ch\u00e2tiement \u00e9ternel loin de la face du Seigneur (Mt 25.46; Ap 20.15)<\/p>\n","protected":false},"excerpt":{"rendered":"<p>Dieu Nous croyons \u00e0 l&rsquo;existence d&rsquo;un Dieu absolument souverain sur toute la cr\u00e9ation et l\u2019histoire. Il a cr\u00e9\u00e9 toutes choses pour sa gloire et toutes choses existent par lui (Ap &hellip; <\/p>\n<p class=\"link-more\"><a href=\"https:\/\/aesf.ca\/?page_id=266\" class=\"more-link\">Continuer la lecture<span class=\"screen-reader-text\"> de &laquo; D\u00e9claration de foi &raquo;<\/span><\/a><\/p>\n","protected":false},"author":1,"featured_media":0,"parent":0,"menu_order":0,"comment_status":"closed","ping_status":"closed","template":"","meta":{"_EventAllDay":false,"_EventTimezone":"","_EventStartDate":"","_EventEndDate":"","_EventStartDateUTC":"","_EventEndDateUTC":"","_EventShowMap":false,"_EventShowMapLink":false,"_EventURL":"","_EventCost":"","_EventCostDescription":"","_EventCurrencySymbol":"","_EventCurrencyCode":"","_EventCurrencyPosition":"","_EventDateTimeSeparator":"","_EventTimeRangeSeparator":"","_EventOrganizerID":[],"_EventVenueID":[],"_OrganizerEmail":"","_OrganizerPhone":"","_OrganizerWebsite":"","_VenueAddress":"","_VenueCity":"","_VenueCountry":"","_VenueProvince":"","_VenueState":"","_VenueZip":"","_VenuePhone":"","_VenueURL":"","_VenueStateProvince":"","_VenueLat":"","_VenueLng":"","_VenueShowMap":false,"_VenueShowMapLink":false,"footnotes":""},"class_list":["post-266","page","type-page","status-publish","hentry"],"_links":{"self":[{"href":"https:\/\/aesf.ca\/index.php?rest_route=\/wp\/v2\/pages\/266","targetHints":{"allow":["GET"]}}],"collection":[{"href":"https:\/\/aesf.ca\/index.php?rest_route=\/wp\/v2\/pages"}],"about":[{"href":"https:\/\/aesf.ca\/index.php?rest_route=\/wp\/v2\/types\/page"}],"author":[{"embeddable":true,"href":"https:\/\/aesf.ca\/index.php?rest_route=\/wp\/v2\/users\/1"}],"replies":[{"embeddable":true,"href":"https:\/\/aesf.ca\/index.php?rest_route=%2Fwp%2Fv2%2Fcomments&post=266"}],"version-history":[{"count":12,"href":"https:\/\/aesf.ca\/index.php?rest_route=\/wp\/v2\/pages\/266\/revisions"}],"predecessor-version":[{"id":281,"href":"https:\/\/aesf.ca\/index.php?rest_route=\/wp\/v2\/pages\/266\/revisions\/281"}],"wp:attachment":[{"href":"https:\/\/aesf.ca\/index.php?rest_route=%2Fwp%2Fv2%2Fmedia&parent=266"}],"curies":[{"name":"wp","href":"https:\/\/api.w.org\/{rel}","templated":true}]}}