{"id":8,"date":"2019-03-12T12:59:36","date_gmt":"2019-03-12T17:59:36","guid":{"rendered":"http:\/\/ste-foy.royer.rocks\/?page_id=8"},"modified":"2023-06-17T21:58:35","modified_gmt":"2023-06-18T02:58:35","slug":"accueil","status":"publish","type":"page","link":"https:\/\/aesf.ca\/","title":{"rendered":"Bienvenue!"},"content":{"rendered":"\t\t<div data-elementor-type=\"wp-page\" data-elementor-id=\"8\" class=\"elementor elementor-8\">\n\t\t\t\t\t\t<section class=\"elementor-section elementor-top-section elementor-element elementor-element-2d4dbd57 elementor-section-boxed elementor-section-height-default elementor-section-height-default\" data-id=\"2d4dbd57\" data-element_type=\"section\">\n\t\t\t\t\t\t<div class=\"elementor-container elementor-column-gap-default\">\n\t\t\t\t\t<div class=\"elementor-column elementor-col-100 elementor-top-column elementor-element elementor-element-5c636e0\" data-id=\"5c636e0\" data-element_type=\"column\">\n\t\t\t<div class=\"elementor-widget-wrap elementor-element-populated\">\n\t\t\t\t\t\t<div class=\"elementor-element elementor-element-2750d03b elementor-widget elementor-widget-text-editor\" data-id=\"2750d03b\" data-element_type=\"widget\" data-widget_type=\"text-editor.default\">\n\t\t\t\t<div class=\"elementor-widget-container\">\n\t\t\t\t\t\t\t\t\t<p>Les r\u00e9unions sur place recommencent !<\/p>\n<p>Depuis le 5 juillet, les r\u00e9unions sur place ont recommenc\u00e9s.<br \/>Nous vous invitons \u00e0 lire le guide pour le fonctionnement de nos r\u00e9unions.<\/p>\n\n<div class=\"wp-block-button\"><a class=\"wp-block-button__link\" href=\"https:\/\/aesf.ca\/wp-content\/uploads\/2020\/07\/Guide-pour-le-fonctionnement-des-r\u00e9unions-25-juillet-2020.pdf\">Guide pour les r\u00e9unions AESF<\/a><\/div>\n\n<p>\u00a0<\/p>\n\t\t\t\t\t\t\t\t<\/div>\n\t\t\t\t<\/div>\n\t\t\t\t\t<\/div>\n\t\t<\/div>\n\t\t\t\t\t<\/div>\n\t\t<\/section>\n\t\t\t\t<\/div>\n\t\t","protected":false},"excerpt":{"rendered":"<p>Les r\u00e9unions sur place recommencent ! Depuis le 5 juillet, les r\u00e9unions sur place ont recommenc\u00e9s.Nous vous invitons \u00e0 lire le guide pour le fonctionnement de nos r\u00e9unions. \u00a0<\/p>\n","protected":false},"author":1,"featured_media":0,"parent":0,"menu_order":0,"comment_status":"closed","ping_status":"closed","template":"","meta":{"_EventAllDay":false,"_EventTimezone":"","_EventStartDate":"","_EventEndDate":"","_EventStartDateUTC":"","_EventEndDateUTC":"","_EventShowMap":false,"_EventShowMapLink":false,"_EventURL":"","_EventCost":"","_EventCostDescription":"","_EventCurrencySymbol":"","_EventCurrencyCode":"","_EventCurrencyPosition":"","_EventDateTimeSeparator":"","_EventTimeRangeSeparator":"","_EventOrganizerID":[],"_EventVenueID":[],"_OrganizerEmail":"","_OrganizerPhone":"","_OrganizerWebsite":"","_VenueAddress":"","_VenueCity":"","_VenueCountry":"","_VenueProvince":"","_VenueState":"","_VenueZip":"","_VenuePhone":"","_VenueURL":"","_VenueStateProvince":"","_VenueLat":"","_VenueLng":"","_VenueShowMap":false,"_VenueShowMapLink":false,"footnotes":""},"class_list":["post-8","page","type-page","status-publish","hentry"],"_links":{"self":[{"href":"https:\/\/aesf.ca\/index.php?rest_route=\/wp\/v2\/pages\/8","targetHints":{"allow":["GET"]}}],"collection":[{"href":"https:\/\/aesf.ca\/index.php?rest_route=\/wp\/v2\/pages"}],"about":[{"href":"https:\/\/aesf.ca\/index.php?rest_route=\/wp\/v2\/types\/page"}],"author":[{"embeddable":true,"href":"https:\/\/aesf.ca\/index.php?rest_route=\/wp\/v2\/users\/1"}],"replies":[{"embeddable":true,"href":"https:\/\/aesf.ca\/index.php?rest_route=%2Fwp%2Fv2%2Fcomments&post=8"}],"version-history":[{"count":24,"href":"https:\/\/aesf.ca\/index.php?rest_route=\/wp\/v2\/pages\/8\/revisions"}],"predecessor-version":[{"id":532,"href":"https:\/\/aesf.ca\/index.php?rest_route=\/wp\/v2\/pages\/8\/revisions\/532"}],"wp:attachment":[{"href":"https:\/\/aesf.ca\/index.php?rest_route=%2Fwp%2Fv2%2Fmedia&parent=8"}],"curies":[{"name":"wp","href":"https:\/\/api.w.org\/{rel}","templated":true}]}}